{"id":11,"date":"2019-07-17T19:35:27","date_gmt":"2019-07-17T18:35:27","guid":{"rendered":"http:\/\/snuu.kapsi.fi\/saranorja\/?page_id=11"},"modified":"2025-01-15T13:19:56","modified_gmt":"2025-01-15T13:19:56","slug":"about","status":"publish","type":"page","link":"http:\/\/snuu.kapsi.fi\/saranorja\/","title":{"rendered":"About"},"content":{"rendered":"<div class=\"wp-block-image is-resized\">\n<figure class=\"alignleft size-medium\"><a href=\"http:\/\/snuu.kapsi.fi\/saranorja\/wp-content\/uploads\/2021\/04\/Sara2021authorphoto-1.jpg\" target=\"_blank\" rel=\"noreferrer noopener\"><img loading=\"lazy\" decoding=\"async\" width=\"225\" height=\"300\" src=\"https:\/\/snuu.kapsi.fi\/saranorja\/wp-content\/uploads\/2021\/04\/Sara2021authorphoto-1-225x300.jpg\" alt=\"Picture of Sara Norja\" class=\"wp-image-1158\" srcset=\"http:\/\/snuu.kapsi.fi\/saranorja\/wp-content\/uploads\/2021\/04\/Sara2021authorphoto-1-225x300.jpg 225w, http:\/\/snuu.kapsi.fi\/saranorja\/wp-content\/uploads\/2021\/04\/Sara2021authorphoto-1-768x1024.jpg 768w\" sizes=\"auto, (max-width: 225px) 100vw, 225px\" \/><\/a><\/figure>\n<\/div>\n\n\n<p><strong>Sara Norja<\/strong>&nbsp;dreams in two languages. Born in England to Finnish parents and settled in Helsinki, Finland, she lives for words, dance, and moments of wonder. Sara has a PhD in English language history; her dissertation was on <a href=\"http:\/\/urn.fi\/URN:ISBN:978-951-29-8448-0\">early English alchemical manuscript texts<\/a>, and her postdoctoral research also focuses on alchemy. She writes fiction, nonfiction, and poetry in English and Finnish.<\/p>\n\n\n\n<p>Sara\u2019s poetry has appeared in venues including&nbsp;<em>Goblin Fruit, Strange Horizons, inkscrawl, Through the Gate, Stone Telling, Interfictions<\/em>, and the anthology&nbsp;<em>Sunvault: Stories of Solarpunk and Eco-Speculation<\/em>&nbsp;(ed. by Phoebe Wagner and Bront\u00eb Christopher Wieland). Her short fiction has appeared in various venues including&nbsp;<em>Lackington&#8217;s<\/em>, <em>Fireside, Strange Horizons, Flash Fiction Online, Cosmos Pen<\/em>, and the anthology&nbsp;<em>An Alphabet of Embers<\/em>&nbsp;(ed. by R.B. Lemberg). <\/p>\n\n\n\n<p>*****<\/p>\n\n\n\n<p>Sara Norja on syntynyt Englannissa, mutta asunut suurimman osan el\u00e4m\u00e4st\u00e4\u00e4n Helsingiss\u00e4. Kaksikielisyys v\u00e4ritt\u00e4\u00e4 h\u00e4nen el\u00e4m\u00e4\u00e4ns\u00e4 ja kirjallista tuotantoaan. Sara on Turun yliopistosta valmistunut filosofian tohtori, jonka englannin kielihistoriaa k\u00e4sittelev\u00e4 v\u00e4it\u00f6skirja tutki <a href=\"http:\/\/urn.fi\/URN:ISBN:978-951-29-8448-0\">varhaisia englanninkielisi\u00e4 alkemistisia k\u00e4sikirjoitustekstej\u00e4<\/a>. Alkemian tutkimus jatkuu postdoc-tutkijana <a href=\"https:\/\/koneensaatio.fi\/tarinat-ja-julkaisut\/noidat-alkemistit-ja-astrologit-yhteiskunnassa-kielitieteen-keinoin\/\">TiTaRa<\/a>-hankkeen parissa. Sara kirjoittaa fiktiota, tietokirjallisuutta ja runoutta sek\u00e4 englanniksi ett\u00e4 suomeksi. H\u00e4nen esikoistietokirjansa <em><a href=\"https:\/\/kirjat.finlit.fi\/sivu\/tuote\/alkemian-historia\/4837637\">Alkemian historia<\/a> <\/em>ilmestyi elokuussa 2023 (SKS Kirjat). S\u00e4eromaani <em><a href=\"https:\/\/holvi.com\/shop\/nysalor-kustannus\/product\/6cb4c3d1bcaa36f38ebc83327a2f0f5a\/\">Kummajaisten kes\u00e4<\/a><\/em> ilmestyi joulukuussa 2023 (Nysalor).<\/p>\n\n\n<div class=\"wp-block-image is-resized\">\n<figure class=\"aligncenter size-large\"><img loading=\"lazy\" decoding=\"async\" width=\"729\" height=\"1024\" src=\"https:\/\/snuu.kapsi.fi\/saranorja\/wp-content\/uploads\/2023\/05\/alkeamian-historia-kansi-729x1024.jpg\" alt=\"Alkemian historia -teoksen kansi\" class=\"wp-image-1242\" style=\"width:365px\" srcset=\"http:\/\/snuu.kapsi.fi\/saranorja\/wp-content\/uploads\/2023\/05\/alkeamian-historia-kansi-729x1024.jpg 729w, http:\/\/snuu.kapsi.fi\/saranorja\/wp-content\/uploads\/2023\/05\/alkeamian-historia-kansi-214x300.jpg 214w, http:\/\/snuu.kapsi.fi\/saranorja\/wp-content\/uploads\/2023\/05\/alkeamian-historia-kansi-768x1079.jpg 768w, http:\/\/snuu.kapsi.fi\/saranorja\/wp-content\/uploads\/2023\/05\/alkeamian-historia-kansi-1093x1536.jpg 1093w, http:\/\/snuu.kapsi.fi\/saranorja\/wp-content\/uploads\/2023\/05\/alkeamian-historia-kansi-1458x2048.jpg 1458w, http:\/\/snuu.kapsi.fi\/saranorja\/wp-content\/uploads\/2023\/05\/alkeamian-historia-kansi.jpg 1807w\" sizes=\"auto, (max-width: 729px) 100vw, 729px\" \/><figcaption class=\"wp-element-caption\"><em>Alkemian historia<\/em> -teoksen kansi. SKS Kirjat 2023.<\/figcaption><\/figure>\n<\/div>\n\n<div class=\"wp-block-image\">\n<figure class=\"aligncenter size-full is-resized\"><img loading=\"lazy\" decoding=\"async\" width=\"582\" height=\"817\" src=\"https:\/\/snuu.kapsi.fi\/saranorja\/wp-content\/uploads\/2024\/01\/kumk-kansi.jpg\" alt=\"Kummajaisten kes\u00e4 -s\u00e4eromaanin kansi\" class=\"wp-image-1261\" style=\"width:365px\" srcset=\"http:\/\/snuu.kapsi.fi\/saranorja\/wp-content\/uploads\/2024\/01\/kumk-kansi.jpg 582w, http:\/\/snuu.kapsi.fi\/saranorja\/wp-content\/uploads\/2024\/01\/kumk-kansi-214x300.jpg 214w\" sizes=\"auto, (max-width: 582px) 100vw, 582px\" \/><figcaption class=\"wp-element-caption\"><em>Kummajaisten kes\u00e4<\/em> -s\u00e4eromaanin kansi. Nysalor-kustannus 2023.<\/figcaption><\/figure>\n<\/div>","protected":false},"excerpt":{"rendered":"<p>Sara Norja&nbsp;dreams in two languages. Born in England to Finnish parents and settled in Helsinki, Finland, she lives for words, dance, and moments of wonder. Sara has a PhD in English language history; her dissertation was on early English alchemical manuscript texts, and her postdoctoral research also focuses on alchemy. She writes fiction, nonfiction, and [&hellip;]<\/p>\n","protected":false},"author":1,"featured_media":0,"parent":0,"menu_order":0,"comment_status":"closed","ping_status":"closed","template":"","meta":{"footnotes":""},"class_list":["post-11","page","type-page","status-publish","hentry"],"_links":{"self":[{"href":"http:\/\/snuu.kapsi.fi\/saranorja\/wp-json\/wp\/v2\/pages\/11","targetHints":{"allow":["GET"]}}],"collection":[{"href":"http:\/\/snuu.kapsi.fi\/saranorja\/wp-json\/wp\/v2\/pages"}],"about":[{"href":"http:\/\/snuu.kapsi.fi\/saranorja\/wp-json\/wp\/v2\/types\/page"}],"author":[{"embeddable":true,"href":"http:\/\/snuu.kapsi.fi\/saranorja\/wp-json\/wp\/v2\/users\/1"}],"replies":[{"embeddable":true,"href":"http:\/\/snuu.kapsi.fi\/saranorja\/wp-json\/wp\/v2\/comments?post=11"}],"version-history":[{"count":17,"href":"http:\/\/snuu.kapsi.fi\/saranorja\/wp-json\/wp\/v2\/pages\/11\/revisions"}],"predecessor-version":[{"id":1286,"href":"http:\/\/snuu.kapsi.fi\/saranorja\/wp-json\/wp\/v2\/pages\/11\/revisions\/1286"}],"wp:attachment":[{"href":"http:\/\/snuu.kapsi.fi\/saranorja\/wp-json\/wp\/v2\/media?parent=11"}],"curies":[{"name":"wp","href":"https:\/\/api.w.org\/{rel}","templated":true}]}}