{"id":1166,"date":"2021-09-06T11:01:15","date_gmt":"2021-09-06T10:01:15","guid":{"rendered":"http:\/\/snuu.kapsi.fi\/saranorja\/?page_id=1166"},"modified":"2023-08-09T14:27:11","modified_gmt":"2023-08-09T13:27:11","slug":"tietokirjallisuus","status":"publish","type":"page","link":"https:\/\/snuu.kapsi.fi\/saranorja\/tietokirjallisuus\/","title":{"rendered":"Tietokirjallisuus"},"content":{"rendered":"\n<p>2023. <em><a href=\"https:\/\/kirjat.finlit.fi\/sivu\/tuote\/alkemian-historia\/4837637\">Alkemian historia<\/a><\/em> (SKS Kirjat).<\/p>\n\n\n\n<figure class=\"wp-block-pullquote is-style-default\"><blockquote><p>Tiesitk\u00f6, ett\u00e4 modernin tieteen is\u00e4n\u00e4 pidetty Isaac Newton harjoitti vakavissaan alkemiaa? Kun asia selvisi 1930-luvulla, tiedeyhteis\u00f6 sai melkoisen hepulin. Tuntui mahdottomalta, ett\u00e4 Newtonin kaltainen vakavasti otettava tiedenero olisi voinut uskoa, ett\u00e4 lyijyst\u00e4 voi tehd\u00e4 kultaa.<br><br>Kukoistuskaudellaan 1100-1700-luvuilla alkemia otettiin Euroopassa hyvin vakavasti, ja lukuisat kuninkaat ja keisarit palkkasivat alkemisteja hoviensa laboratorioihin. Viisasten kiven etsinn\u00e4n lis\u00e4ksi alkemistit kehitteliv\u00e4t el\u00e4m\u00e4\u00e4 pident\u00e4vi\u00e4 eliksiirej\u00e4, yrittiv\u00e4t luoda el\u00e4m\u00e4\u00e4 ja muuttaa ainetta toiseksi sek\u00e4 ponnistelivat kohti korkeampaa tietoa ja valaistumista. Samalla he kuitenkin hy\u00f6dynsiv\u00e4t kemian osaamistaan toimiviin k\u00e4yt\u00e4nn\u00f6n sovelluksiin, kuten v\u00e4rj\u00e4ykseen ja musteiden valmistukseen.<br><br>Sara Norjan teos vie lukijan kiehtovalle matkalle l\u00e4nsimaisen alkemian historiaan Egyptin Aleksandriasta August Strindbergin ateljeehen.<br><\/p><cite><a href=\"https:\/\/kirjat.finlit.fi\/sivu\/tuote\/alkemian-historia\/4837637\">SKS Kirjat<\/a><\/cite><\/blockquote><\/figure>\n\n\n<div class=\"wp-block-image\">\n<figure class=\"aligncenter size-large is-resized\"><img loading=\"lazy\" decoding=\"async\" src=\"http:\/\/snuu.kapsi.fi\/saranorja\/wp-content\/uploads\/2023\/04\/alkeamian-historia-kansi-729x1024.jpg\" alt=\"Alkemian historia -kirjan kansi\" class=\"wp-image-1233\" style=\"width:365px;height:512px\" width=\"365\" height=\"512\" srcset=\"https:\/\/snuu.kapsi.fi\/saranorja\/wp-content\/uploads\/2023\/04\/alkeamian-historia-kansi-729x1024.jpg 729w, https:\/\/snuu.kapsi.fi\/saranorja\/wp-content\/uploads\/2023\/04\/alkeamian-historia-kansi-214x300.jpg 214w, https:\/\/snuu.kapsi.fi\/saranorja\/wp-content\/uploads\/2023\/04\/alkeamian-historia-kansi-768x1079.jpg 768w, https:\/\/snuu.kapsi.fi\/saranorja\/wp-content\/uploads\/2023\/04\/alkeamian-historia-kansi-1093x1536.jpg 1093w, https:\/\/snuu.kapsi.fi\/saranorja\/wp-content\/uploads\/2023\/04\/alkeamian-historia-kansi-1458x2048.jpg 1458w, https:\/\/snuu.kapsi.fi\/saranorja\/wp-content\/uploads\/2023\/04\/alkeamian-historia-kansi.jpg 1807w\" sizes=\"auto, (max-width: 365px) 100vw, 365px\" \/><\/figure>\n<\/div>\n\n\n<p><strong><a href=\"http:\/\/snuu.kapsi.fi\/saranorja\/category\/viisasten-kiven-metsastajat\/\">Viisasten kiven mets\u00e4st\u00e4j\u00e4t<\/a> <\/strong>on blogi, jossa Sara kertoo esikoistietokirjailijan kirjoitusprosessista, ty\u00f6n edistymisest\u00e4 ja taipaleesta kokonaisuudessaan. <\/p>\n","protected":false},"excerpt":{"rendered":"<p>2023. Alkemian historia (SKS Kirjat). Tiesitk\u00f6, ett\u00e4 modernin tieteen is\u00e4n\u00e4 pidetty Isaac Newton harjoitti vakavissaan alkemiaa? Kun asia selvisi 1930-luvulla, tiedeyhteis\u00f6 sai melkoisen hepulin. Tuntui mahdottomalta, ett\u00e4 Newtonin kaltainen vakavasti otettava tiedenero olisi voinut uskoa, ett\u00e4 lyijyst\u00e4 voi tehd\u00e4 kultaa. Kukoistuskaudellaan 1100-1700-luvuilla alkemia otettiin Euroopassa hyvin vakavasti, ja lukuisat kuninkaat ja keisarit palkkasivat alkemisteja hoviensa [&hellip;]<\/p>\n","protected":false},"author":1,"featured_media":0,"parent":0,"menu_order":0,"comment_status":"closed","ping_status":"closed","template":"","meta":{"footnotes":""},"class_list":["post-1166","page","type-page","status-publish","hentry"],"_links":{"self":[{"href":"https:\/\/snuu.kapsi.fi\/saranorja\/wp-json\/wp\/v2\/pages\/1166","targetHints":{"allow":["GET"]}}],"collection":[{"href":"https:\/\/snuu.kapsi.fi\/saranorja\/wp-json\/wp\/v2\/pages"}],"about":[{"href":"https:\/\/snuu.kapsi.fi\/saranorja\/wp-json\/wp\/v2\/types\/page"}],"author":[{"embeddable":true,"href":"https:\/\/snuu.kapsi.fi\/saranorja\/wp-json\/wp\/v2\/users\/1"}],"replies":[{"embeddable":true,"href":"https:\/\/snuu.kapsi.fi\/saranorja\/wp-json\/wp\/v2\/comments?post=1166"}],"version-history":[{"count":6,"href":"https:\/\/snuu.kapsi.fi\/saranorja\/wp-json\/wp\/v2\/pages\/1166\/revisions"}],"predecessor-version":[{"id":1258,"href":"https:\/\/snuu.kapsi.fi\/saranorja\/wp-json\/wp\/v2\/pages\/1166\/revisions\/1258"}],"wp:attachment":[{"href":"https:\/\/snuu.kapsi.fi\/saranorja\/wp-json\/wp\/v2\/media?parent=1166"}],"curies":[{"name":"wp","href":"https:\/\/api.w.org\/{rel}","templated":true}]}}