{"id":27,"date":"2019-07-17T19:58:14","date_gmt":"2019-07-17T18:58:14","guid":{"rendered":"http:\/\/snuu.kapsi.fi\/saranorja\/?page_id=27"},"modified":"2024-01-09T10:26:27","modified_gmt":"2024-01-09T10:26:27","slug":"short-fiction","status":"publish","type":"page","link":"https:\/\/snuu.kapsi.fi\/saranorja\/short-fiction\/","title":{"rendered":"Short Fiction"},"content":{"rendered":"\n<p><strong>Forthcoming<\/strong><\/p>\n\n\n\n<p>&#8220;Birch Daughter&#8221; will appear as a reprint in <a href=\"http:\/\/www.glittership.com\/\">GlitterShip<\/a>.<\/p>\n\n\n\n<p><strong>2023<\/strong><\/p>\n\n\n\n<p>12\/2023 <a href=\"https:\/\/giganotosaurus.org\/2023\/12\/01\/reconciliation-dumplings-and-other-recipes\/\">&#8220;Reconciliation Dumplings and Other Recipes&#8221;<\/a> in <a href=\"https:\/\/giganotosaurus.org\/\">GigaNotoSaurus<\/a>. Lake-dwelling demons, goblin bargains, and overcoming prejudice &#8211; wrapped around some delicious recipes that Actually Work because my collaborator Jari Haavisto and I tested them. (c. 8,800 words; novelette)<\/p>\n\n\n\n<p><strong>2019<\/strong><\/p>\n\n\n\n<p>11\/2019 <a href=\"https:\/\/lackingtons.com\/2020\/05\/01\/city-of-wings-and-song-by-sara-norja\/\">&#8220;City of Wings and Song&#8221;<\/a> in  <a href=\"https:\/\/lackingtons.com\/issues\/issue-20-fall-2019\/\">Issue 20<\/a> of <a href=\"https:\/\/lackingtons.com\/\">Lackington&#8217;s<\/a>: a double anniversary issue themed Birds. &#8220;A whir of wings, a stir of song. The market is waking.&#8221; &#8212; A city of captive birds in a queernorm world. Freedom and rebellion and the dangerous magic of poetry. (c. 3,800)<\/p>\n\n\n\n<p><strong>2018<\/strong><\/p>\n\n\n\n<p>11\/2018 \u201c<a href=\"https:\/\/firesidefiction.com\/birch-daughter\">Birch Daughter<\/a>\u201c, in&nbsp;<a href=\"https:\/\/firesidefiction.com\/\">Fireside Magazine<\/a>. A queer woman sets out to save her mother and ends up beholden to a bear. Feat. Finnish-inspired folklore, forests, and the slow buzzing of bees. (c. 2,800 words)<\/p>\n\n\n\n<p><strong>2017<\/strong><\/p>\n\n\n\n<p> 07\/2017 \u201cDon\u2019t Look a Wish Horse in the Mouth\u201d in&nbsp;<em>Cosmos Pen: A Travel Guide to Finnish Weird<\/em>, the English special issue (in print) of Finnish SFF magazine&nbsp;<a href=\"http:\/\/www.kosmoskyna.net\/\">Kosmoskyn\u00e4<\/a>. &#8220;When wishes became horses, beggars still couldn&#8217;t ride &#8211; for the horses were the size of Christmas tree ornaments.&#8221; (c. 2,000 words)<\/p>\n\n\n\n<p><strong>2016<\/strong><\/p>\n\n\n\n<p> 07\/2016 \u201cThe City Beneath the Sea\u201d in the anthology&nbsp;<a href=\"https:\/\/www.amazon.com\/gp\/product\/099738140X?ref%5F=cm%5Fsw%5Fr%5Ftw%5Fdp%5FjbhFxbBFMDNCH&amp;pldnSite=1\">An Alphabet of Embers<\/a>, edited by R.B. Lemberg. A drowned city rises from the sea; those who enter will never be the same. (c. 1,000 words)<br>07\/2016&nbsp;<a href=\"http:\/\/strangehorizons.com\/fiction\/water-birch-and-blood\/\">\u201cWater, Birch, and Blood\u201d<\/a>&nbsp;in&nbsp;<a href=\"http:\/\/www.strangehorizons.com\/\">Strange Horizons<\/a>, the special July issues forming&nbsp;<a href=\"http:\/\/strangehorizons.com\/issue\/2016\/7\/\">Our Queer Planet<\/a>.  (Podcast version&nbsp;<a href=\"http:\/\/strangehorizons.com\/podcasts\/podcast-water-birch-and-blood\/\">here<\/a>.) Elna&#8217;s memories of a magical past are awakened by a visit to her summer cabin. When the otherworld calls, what will she do? (c. 4,100 words)<br>08\/2016&nbsp;<a href=\"http:\/\/flashfictiononline.com\/main\/article\/creation\/\">\u201cCreation\u201d<\/a>&nbsp;in the&nbsp;August 2016&nbsp;issue of&nbsp;<a href=\"http:\/\/flashfictiononline.com\/\">Flash Fiction Online<\/a>. The Queen of Faerie demands, and Hands-of-Clay builds. (982 words)<\/p>\n\n\n\n<p><strong>2015<\/strong><\/p>\n\n\n\n<p> 03\/2015&nbsp;<a href=\"http:\/\/lunastationquarterly.com\/story\/the-ruin\/\">\u201cThe Ruin\u201d<\/a>&nbsp;in&nbsp;<a href=\"http:\/\/lunastationquarterly.com\/issue\/issue-021\/\">Issue 21<\/a>&nbsp;of&nbsp;<a href=\"http:\/\/lunastationquarterly.com\/\">Luna Station Quarterly<\/a>. Magic has passed from the world, but traces may yet remain. Set in my &#8216;forest world&#8217;. (c. 1,800 words)<br>06\/2015&nbsp;<a href=\"http:\/\/www2.silverblade.net\/2015\/06\/moss\/\">\u201cMoss\u201d<\/a>&nbsp;in&nbsp;<a href=\"http:\/\/www2.silverblade.net\/category\/issue-26\/\">Issue 26<\/a>&nbsp;of&nbsp;<a href=\"http:\/\/silverblade.silverpen.org\/\">Silver Blade Magazine<\/a>. CW: implied incest, as this is inspired by the fairytale Donkeyskin. Tuar runs into the forest to escape her father&#8217;s clutches; what she finds changes her life. A novelette set in my &#8216;forest world&#8217;. (c. 14,200 words)<br>09\/2015&nbsp;<a href=\"http:\/\/www.theflashfictionpress.org\/2015\/09\/21\/memory\/\">\u201cMemory\u201d<\/a>&nbsp;in&nbsp;<a href=\"http:\/\/theflashfictionpress.org\/\">The Flash Fiction Press<\/a>. &#8220;In prison, you start to forget the things that once had meaning.&#8221; (524 words)<br>12\/2015&nbsp;<a href=\"http:\/\/usvazine.net\/kansanperinne-usva-215-on-ilmestynyt\/\">\u201cVierain silmin\u201d<\/a>&nbsp;(\u2018With Strange Eyes\u2019) in the Finnish speculative ezine&nbsp;<a href=\"http:\/\/usvazine.net\/\">Usva<\/a>. I recommend downloading the PDF, it\u2019s got pretty pictures and nice formatting. (in Finnish) Uuskummaa Turussa: kekrirituaalin per\u00e4\u00e4n menev\u00e4t folkloristiikan opiskelijat kohtaavatkin jotain aivan muuta Kupittaan puistossa. (n. 2100 sanaa)<\/p>\n\n\n\n<p><strong>2014<\/strong><\/p>\n\n\n\n<p> 07\/14&nbsp;<a href=\"http:\/\/365tomorrows.com\/07\/31\/wind-chimes\/\">\u201cWind Chimes\u201d<\/a>&nbsp;in&nbsp;<a href=\"http:\/\/365tomorrows.com\/\">365 tomorrows<\/a>. &#8220;You can&#8217;t feel solar winds on your bare skin.&#8221; (466 words)<br>10\/14&nbsp;\u201cChrysopoeia\u201d&nbsp;in&nbsp;Issue 9&nbsp;(Fall 2014) of&nbsp;Quantum Fairy Tales. An alchemist bartender seeks eternal life and love. (c. 2,000 words) (Magazine closed)<br>12\/14 \u201cMunankuorikehto\u201d (\u2018Egg-Shell Cradle\u2019) in&nbsp;<a href=\"http:\/\/www.tsfs.fi\/?spin\/arkisto.html\">Issue 3\/2014<\/a>&nbsp;of&nbsp;<em><a href=\"http:\/\/www.tsfs.fi\/?spin.html\">Spin<\/a><\/em>, the quarterly print magazine of the&nbsp;<a href=\"http:\/\/www.tsfs.fi\/?in-english.html\">Turku Science Fiction Society<\/a>&nbsp;(TSFS). The magazine can be ordered from the TSFS webpage.  (in Finnish) Bioj\u00e4tteest\u00e4 l\u00f6ytyy keijuja. (572 sanaa)<\/p>\n","protected":false},"excerpt":{"rendered":"<p>Forthcoming &#8220;Birch Daughter&#8221; will appear as a reprint in GlitterShip. 2023 12\/2023 &#8220;Reconciliation Dumplings and Other Recipes&#8221; in GigaNotoSaurus. Lake-dwelling demons, goblin bargains, and overcoming prejudice &#8211; wrapped around some delicious recipes that Actually Work because my collaborator Jari Haavisto and I tested them. (c. 8,800 words; novelette) 2019 11\/2019 &#8220;City of Wings and Song&#8221; [&hellip;]<\/p>\n","protected":false},"author":1,"featured_media":0,"parent":0,"menu_order":0,"comment_status":"closed","ping_status":"closed","template":"","meta":{"footnotes":""},"class_list":["post-27","page","type-page","status-publish","hentry"],"_links":{"self":[{"href":"https:\/\/snuu.kapsi.fi\/saranorja\/wp-json\/wp\/v2\/pages\/27","targetHints":{"allow":["GET"]}}],"collection":[{"href":"https:\/\/snuu.kapsi.fi\/saranorja\/wp-json\/wp\/v2\/pages"}],"about":[{"href":"https:\/\/snuu.kapsi.fi\/saranorja\/wp-json\/wp\/v2\/types\/page"}],"author":[{"embeddable":true,"href":"https:\/\/snuu.kapsi.fi\/saranorja\/wp-json\/wp\/v2\/users\/1"}],"replies":[{"embeddable":true,"href":"https:\/\/snuu.kapsi.fi\/saranorja\/wp-json\/wp\/v2\/comments?post=27"}],"version-history":[{"count":12,"href":"https:\/\/snuu.kapsi.fi\/saranorja\/wp-json\/wp\/v2\/pages\/27\/revisions"}],"predecessor-version":[{"id":1265,"href":"https:\/\/snuu.kapsi.fi\/saranorja\/wp-json\/wp\/v2\/pages\/27\/revisions\/1265"}],"wp:attachment":[{"href":"https:\/\/snuu.kapsi.fi\/saranorja\/wp-json\/wp\/v2\/media?parent=27"}],"curies":[{"name":"wp","href":"https:\/\/api.w.org\/{rel}","templated":true}]}}